{"id":1187,"date":"2024-04-22T18:47:46","date_gmt":"2024-04-22T16:47:46","guid":{"rendered":"https:\/\/bonitosound.com\/producciones\/"},"modified":"2024-10-25T18:06:16","modified_gmt":"2024-10-25T16:06:16","slug":"produccions","status":"publish","type":"page","link":"https:\/\/bonitosound.com\/ca\/produccions\/","title":{"rendered":"Produccions"},"content":{"rendered":"<section id=\"section-3-243\" class=\" ct-section section-pb-0\" ><div class=\"ct-section-inner-wrap\"><div id=\"text_block-4-243\" class=\"ct-text-block mb-6 color-dark text-xl font-medium\" >Creant Moments Bonics<\/div><h1 id=\"headline-5-243\" class=\"ct-headline mb-12 font-semibold text-6xl text-center\">El teu aliat perfecte en la creaci\u00f3 i organitzaci\u00f3 d'esdeveniments<\/h1><img decoding=\"async\"  id=\"image-6-243\" alt=\"Cuatro miembros del equipo de Bonito Sound est\u00e1n colgados y escalando una estructura de trusses met\u00e1licos, fotografiados desde abajo contra un cielo azul despejado. Sus siluetas est\u00e1n posicionadas din\u00e1micamente, destacando la acci\u00f3n y el trabajo en equipo bajo la luz brillante del sol.\" src=\"https:\/\/bonitosound.com\/wp-content\/uploads\/2024\/09\/image_67203585-1.png\" class=\"ct-image w-full object-cover\"\/><\/div><\/section>\n\n<section id=\"section-3-246\" class=\" ct-section\" ><div class=\"ct-section-inner-wrap\"><div id=\"_rich_text-4-246\" class=\"oxy-rich-text text-center color-dark mb-12\" ><p>A Bonito Sound, ens especialitzem a oferir serveis que resolen tots els detalls dels teus esdeveniments. Des de la planificaci&oacute; fins a l&rsquo;execuci&oacute;, oferim solucions integrals que garanteixen la perfecci&oacute; en cada aspecte. Tant si es tracta d&rsquo;un esdeveniment corporatiu, una celebraci&oacute; especial o una activaci&oacute; de marca, som aqu&iacute; per convertir les teves idees en experi&egrave;ncies memorables. Confia en nosaltres per solucionar cada detall i fer que el teu esdeveniment sigui un &egrave;xit sense complicacions.<\/p><\/div><a id=\"link_text-5-246\" class=\"ct-link-text bg-primary button-m color-white font-semibold\" href=\"https:\/\/bonitosound.com\/ca\/contacto\/\" target=\"_self\"   aria-label=\"P\u00e1gina de contacto\">Contacta'ns<\/a><\/div><\/section>\n\n<section id=\"section-3-248\" class=\" ct-section \" style=\"background-image:linear-gradient(rgba(6, 49, 70, 0.9), rgba(6, 49, 70, 0.9)), url(https:\/\/bonitosound.com\/wp-content\/uploads\/2024\/04\/Numeros-Bonitos-scaled.jpg);background-size:auto,  cover;\" ><div class=\"ct-section-inner-wrap\"><h2 id=\"headline-4-248\" class=\"ct-headline color-white font-semibold text-4xl mb-10\">N\u00fameros Bonics 2023<br><\/h2><div id=\"div_block-9-248\" class=\"ct-div-block w-full grid gap-4 lg-grid-cols-2 md-grid-cols-1 lg-gap-8 md-gap-12 row-gap-16 grid-cols-3\" ><div id=\"div_block-10-248\" class=\"ct-div-block centered\" ><div id=\"text_block-11-248\" class=\"ct-text-block mb-4 font-headings text-5xl oxel_number_counter__number color-secondary font-semibold\"  counterType=\"referencias\" counterValue=\"\">53<\/div><div id=\"text_block-12-248\" class=\"ct-text-block centered color-white\" >Refer\u00e8ncies discogr\u00e0fiques<\/div><\/div><div id=\"div_block-13-248\" class=\"ct-div-block centered\" ><div id=\"text_block-14-248\" class=\"ct-text-block mb-4 font-headings text-5xl oxel_number_counter__number color-secondary font-semibold\"  counterType=\"producciones\" counterValue=\"\">106<\/div><div id=\"text_block-15-248\" class=\"ct-text-block centered color-white\" >Produccions pr\u00f2pies amb marques i artistes<\/div><\/div><div id=\"div_block-19-248\" class=\"ct-div-block centered\" ><div id=\"text_block-20-248\" class=\"ct-text-block text-4xl mb-4 font-headings text-5xl oxel_number_counter__number color-secondary font-semibold\"  counterType=\"contrataciones\" counterValue=\"\">58<\/div><div id=\"text_block-21-248\" class=\"ct-text-block centered color-white\" >Contractaci\u00f3 d'artistes a la nostra oficina<\/div><\/div><\/div><div id=\"code_block-23-248\" class=\"ct-code-block\" ><!-- --><\/div><\/div><\/section>\n\n<section class=\" ct-section\">\n<div class=\"ct-section-inner-wrap\">\n            <h2 class=\"mb-16 mx-auto color-dark text-4xl\">ALGUNS DELS NOSTRES CLIENTS:<\/h2>\n                <div class=\"w-full clientes-carousel\">\n                                <div class=\"carousel-cell clientes-logo\">\n                <img decoding=\"async\" src=\"https:\/\/bonitosound.com\/wp-content\/uploads\/2024\/04\/image-1.png\" class=\"object-contain\" alt=\"\"\/>\n            <\/div>\n                        <div class=\"carousel-cell clientes-logo\">\n                <img decoding=\"async\" src=\"https:\/\/bonitosound.com\/wp-content\/uploads\/2024\/04\/image-2.png\" class=\"object-contain\" alt=\"\"\/>\n            <\/div>\n                        <div class=\"carousel-cell clientes-logo\">\n                <img decoding=\"async\" src=\"https:\/\/bonitosound.com\/wp-content\/uploads\/2024\/04\/image-5.png\" class=\"object-contain\" alt=\"\"\/>\n            <\/div>\n                        <div class=\"carousel-cell clientes-logo\">\n                <img decoding=\"async\" src=\"https:\/\/bonitosound.com\/wp-content\/uploads\/2024\/04\/image-3.png\" class=\"object-contain\" alt=\"\"\/>\n            <\/div>\n                        <div class=\"carousel-cell clientes-logo\">\n                <img decoding=\"async\" src=\"https:\/\/bonitosound.com\/wp-content\/uploads\/2024\/04\/image-4.png\" class=\"object-contain\" alt=\"\"\/>\n            <\/div>\n                        <div class=\"carousel-cell clientes-logo\">\n                <img decoding=\"async\" src=\"https:\/\/bonitosound.com\/wp-content\/uploads\/2024\/04\/image-6.png\" class=\"object-contain\" alt=\"\"\/>\n            <\/div>\n                        <div class=\"carousel-cell clientes-logo\">\n                <img decoding=\"async\" src=\"https:\/\/bonitosound.com\/wp-content\/uploads\/2024\/04\/image-7.png\" class=\"object-contain\" alt=\"\"\/>\n            <\/div>\n                        <div class=\"carousel-cell clientes-logo\">\n                <img decoding=\"async\" src=\"https:\/\/bonitosound.com\/wp-content\/uploads\/2024\/04\/image-10.png\" class=\"object-contain\" alt=\"\"\/>\n            <\/div>\n                        <div class=\"carousel-cell clientes-logo\">\n                <img decoding=\"async\" src=\"https:\/\/bonitosound.com\/wp-content\/uploads\/2024\/04\/image-13.png\" class=\"object-contain\" alt=\"\"\/>\n            <\/div>\n                        <div class=\"carousel-cell clientes-logo\">\n                <img decoding=\"async\" src=\"https:\/\/bonitosound.com\/wp-content\/uploads\/2024\/04\/image-15.png\" class=\"object-contain\" alt=\"\"\/>\n            <\/div>\n                            <\/div>\n    <\/div>\n<\/section>\n\n\n<section id=\"testid\" class=\" ct-section bg-white \">\n    <div class=\"ct-section-inner-wrap\">\n                    <h2 class=\"ct-headline mx-auto font-semibold text-4xl mb-16 uppercase color-dark\">EL NOSTRE EQUIP<\/h2>\n                        <div class=\"oxy-dynamic-list nuestro-equipo w-full grid grid-cols-3 gap-20 lg-grid-cols-1 row-gap-16\">\n                            <div class=\"ct-div-block centered\" >\n                    <img loading=\"lazy\" decoding=\"async\" width=\"1536\" height=\"2048\" src=\"https:\/\/bonitosound.com\/wp-content\/uploads\/2025\/03\/b819c45d-314f-4d61-9953-acd80ee30cc3-2.jpg\" class=\"ct-image w-full object-cover mb-8\" alt=\"\" srcset=\"https:\/\/bonitosound.com\/wp-content\/uploads\/2025\/03\/b819c45d-314f-4d61-9953-acd80ee30cc3-2.jpg 1536w, https:\/\/bonitosound.com\/wp-content\/uploads\/2025\/03\/b819c45d-314f-4d61-9953-acd80ee30cc3-2-225x300.jpg 225w, https:\/\/bonitosound.com\/wp-content\/uploads\/2025\/03\/b819c45d-314f-4d61-9953-acd80ee30cc3-2-768x1024.jpg 768w, https:\/\/bonitosound.com\/wp-content\/uploads\/2025\/03\/b819c45d-314f-4d61-9953-acd80ee30cc3-2-1152x1536.jpg 1152w\" sizes=\"auto, (max-width: 1536px) 100vw, 1536px\" \/>                                            <div class=\"ct-text-block font-medium text-xl mb-2 color-dark\">CRISTINA SOLER<\/div>\n                                        \n                                        \n                <\/div>\n                            <div class=\"ct-div-block centered\" >\n                    <img loading=\"lazy\" decoding=\"async\" width=\"700\" height=\"700\" src=\"https:\/\/bonitosound.com\/wp-content\/uploads\/2024\/06\/DANIEL_BOADA_BONITO_SOUND_2024__001-e1721832808420.jpg\" class=\"ct-image w-full object-cover mb-8\" alt=\"Foto de de perfil Daniel Boada Bonito Sound\" \/>                                            <div class=\"ct-text-block font-medium text-xl mb-2 color-dark\">DANI BOADA<\/div>\n                                        \n                                        \n                <\/div>\n                            <div class=\"ct-div-block centered\" >\n                    <img loading=\"lazy\" decoding=\"async\" width=\"1536\" height=\"2048\" src=\"https:\/\/bonitosound.com\/wp-content\/uploads\/2024\/06\/manu_rojo_bonito_sound-copia.jpg\" class=\"ct-image w-full object-cover mb-8\" alt=\"Foto de perfil Manu rojo\" \/>                                            <div class=\"ct-text-block font-medium text-xl mb-2 color-dark\">MANU ROJO<\/div>\n                                        \n                                        \n                <\/div>\n                            <div class=\"ct-div-block centered\" >\n                    <img loading=\"lazy\" decoding=\"async\" width=\"300\" height=\"300\" src=\"https:\/\/bonitosound.com\/wp-content\/uploads\/2024\/07\/xavi_julia_bonito_sound-copia.jpg\" class=\"ct-image w-full object-cover mb-8\" alt=\"Foto de percil Xavi Juli\u00e1 Bonito Sound\" \/>                                            <div class=\"ct-text-block font-medium text-xl mb-2 color-dark\">XAVI JULI\u00c0<\/div>\n                                        \n                                        \n                <\/div>\n                    <\/div>\n    <\/div>\n<\/section>\n","protected":false},"excerpt":{"rendered":"","protected":false},"author":1,"featured_media":0,"parent":0,"menu_order":0,"comment_status":"closed","ping_status":"closed","template":"","meta":{"_acf_changed":false,"footnotes":""},"class_list":["post-1187","page","type-page","status-publish","hentry"],"acf":[],"_links":{"self":[{"href":"https:\/\/bonitosound.com\/ca\/wp-json\/wp\/v2\/pages\/1187","targetHints":{"allow":["GET"]}}],"collection":[{"href":"https:\/\/bonitosound.com\/ca\/wp-json\/wp\/v2\/pages"}],"about":[{"href":"https:\/\/bonitosound.com\/ca\/wp-json\/wp\/v2\/types\/page"}],"author":[{"embeddable":true,"href":"https:\/\/bonitosound.com\/ca\/wp-json\/wp\/v2\/users\/1"}],"replies":[{"embeddable":true,"href":"https:\/\/bonitosound.com\/ca\/wp-json\/wp\/v2\/comments?post=1187"}],"version-history":[{"count":4,"href":"https:\/\/bonitosound.com\/ca\/wp-json\/wp\/v2\/pages\/1187\/revisions"}],"predecessor-version":[{"id":1377,"href":"https:\/\/bonitosound.com\/ca\/wp-json\/wp\/v2\/pages\/1187\/revisions\/1377"}],"wp:attachment":[{"href":"https:\/\/bonitosound.com\/ca\/wp-json\/wp\/v2\/media?parent=1187"}],"curies":[{"name":"wp","href":"https:\/\/api.w.org\/{rel}","templated":true}]}}